{"id":753,"date":"2016-04-19T15:39:16","date_gmt":"2016-04-19T13:39:16","guid":{"rendered":"http:\/\/www.labrisedemer.com\/accomodation-dining-seaside\/gite-ecume-de-mer-bord-de-mer-location\/"},"modified":"2017-10-29T16:12:06","modified_gmt":"2017-10-29T15:12:06","slug":"wave-cottage","status":"publish","type":"page","link":"https:\/\/www.labrisedemer.com\/en\/accomodation-dining-seaside\/wave-cottage\/","title":{"rendered":"The &#8220;Wave Cottage&#8221;"},"content":{"rendered":"<p><strong>This 126m\u00b2 eco-cottage accomodates up to <span style=\"color: #99cc00;\">11 persons<\/span>.<\/strong><\/p>\n<ul>\n<li>3 bedrooms<\/li>\n<li>3 Italian shower rooms, 3 WC<\/li>\n<li>1 wide living room including an <strong>open kitchen fully equipped<\/strong> and adapted to each handicap : kitchen counter mounted on jacks, &#8220;Hide&#038;Slide&#8221; oven with retractable door, refrigerator and large capacity freezer, induction plate, dishwasher, washing machine, microwave, toaster, coffee machine and kettle.<\/li>\n<\/ul>\n<p>Relax on the large wooden deck surrounded by the trees. Every bedroom is opened on the park!<\/p>\n<p>&nbsp;<\/p>\n<p><span style=\"color: #d63333;\">Rest in the &#8220;Wave Cottage&#8221;<\/span> while enjoying the <strong>facilities around the house<\/strong> :<\/p>\n<ul>\n<li>In the park : a playground adapted to disabled people (swing,<br \/>\n turnstile roundabout, ping-pong, bocce ball court, chicken coop&#8230;)<\/li>\n<li>&#8220;V\u00e9loc\u00e9an&#8221; and &#8220;V\u00e9lodyss\u00e9e&#8221; roads near the house.<\/li>\n<li>Bike garage and possibility to rent a bike (booked in advance).<\/li>\n<li>Half-board or full-board available in &#8220;La Grande Maison&#8221;.<\/li>\n<li>Beach at 200 m.<\/li>\n<\/ul>\n<p><strong>Additional details :<\/strong><\/p>\n<ul>\n<li><span style=\"color: #99cc00;\">One-levelled cottage<\/span>, 5 beds (90&#215;190), 3 beds (80&#215;190), 2 extra beds in the living room.<\/li>\n<li>Entirely labellized &#8220;Tourisme et Handicap&#8221; for the four types of handicap.<\/li>\n<li>FREE TV and WiFi.<\/li>\n<li>Bedsheets and bath towels as an additional charge.<\/li>\n<\/ul>\n<p><a href=\"http:\/\/www.labrisedemer.com\/wp-content\/uploads\/plan-et-repartition-gite-Ecume-de-mer.pdf\">Download here the map and the repartition of the cottage.<\/a><\/p>\n<p>The Wave Cottage is <span style=\"color: #d63333;\">labellized &#8220;G\u00eetes de France&#8221;<\/span>. Fine here <a href=\"http:\/\/www.gites-bretagne-sud.fr\/\">the website of the &#8220;G\u00eetes de France de Loire-Atlantique&#8221;<\/a>!<\/p>\n","protected":false},"excerpt":{"rendered":"<p>This 126m\u00b2 eco-cottage accomodates up to 11 persons. 3 bedrooms 3 Italian shower rooms, 3 WC 1 wide living room including an open kitchen fully equipped and adapted to each handicap : kitchen counter mounted on jacks, &#8220;Hide&#038;Slide&#8221; oven with retractable door, refrigerator and large capacity freezer, induction plate, dishwasher, washing machine, microwave, toaster, coffee [&hellip;]<\/p>\n","protected":false},"author":1,"featured_media":0,"parent":747,"menu_order":0,"comment_status":"closed","ping_status":"closed","template":"page-herbergementseul.php","meta":{"_acf_changed":false,"_exactmetrics_skip_tracking":false,"_exactmetrics_sitenote_active":false,"_exactmetrics_sitenote_note":"","_exactmetrics_sitenote_category":0,"footnotes":""},"class_list":["post-753","page","type-page","status-publish","hentry"],"acf":[],"_links":{"self":[{"href":"https:\/\/www.labrisedemer.com\/en\/wp-json\/wp\/v2\/pages\/753"}],"collection":[{"href":"https:\/\/www.labrisedemer.com\/en\/wp-json\/wp\/v2\/pages"}],"about":[{"href":"https:\/\/www.labrisedemer.com\/en\/wp-json\/wp\/v2\/types\/page"}],"author":[{"embeddable":true,"href":"https:\/\/www.labrisedemer.com\/en\/wp-json\/wp\/v2\/users\/1"}],"replies":[{"embeddable":true,"href":"https:\/\/www.labrisedemer.com\/en\/wp-json\/wp\/v2\/comments?post=753"}],"version-history":[{"count":0,"href":"https:\/\/www.labrisedemer.com\/en\/wp-json\/wp\/v2\/pages\/753\/revisions"}],"up":[{"embeddable":true,"href":"https:\/\/www.labrisedemer.com\/en\/wp-json\/wp\/v2\/pages\/747"}],"wp:attachment":[{"href":"https:\/\/www.labrisedemer.com\/en\/wp-json\/wp\/v2\/media?parent=753"}],"curies":[{"name":"wp","href":"https:\/\/api.w.org\/{rel}","templated":true}]}}