{"id":801,"date":"2016-04-19T15:39:32","date_gmt":"2016-04-19T13:39:32","guid":{"rendered":"http:\/\/www.labrisedemer.com\/accomodation-dining-seaside\/gite-etoile-de-mer-location-gestion-libre\/"},"modified":"2017-12-13T12:57:47","modified_gmt":"2017-12-13T11:57:47","slug":"starfish-cottage","status":"publish","type":"page","link":"https:\/\/www.labrisedemer.com\/en\/accomodation-dining-seaside\/starfish-cottage\/","title":{"rendered":"The &#8220;Starfish cottage&#8221;"},"content":{"rendered":"<p><strong>This 81m\u00b2 eco-lodge accomodates up to <span style=\"color: #99cc00;\">7 persons<\/span>.<\/strong><\/p>\n<ul>\n<li>2 bedrooms<\/li>\n<li>2 Italian shower rooms\/2 WC<\/li>\n<li>1 TV with 2 extra beds.<\/li>\n<li>1 kitchen area adapted to each handicap : kitchen counter mounted on jacks, \u201cHide&#038;Slide\u201d oven with retractable door, refrigerator and large capacity freezer, induction plate, dishwasher, washing machine, microwave, toaster, coffee machine and kettle.<\/li>\n<\/ul>\n<p><strong>100 % accessible<\/strong>, the cottage has a wide wooden terrace, equipped with garden furniture and every bedroom overlooks the park.<\/p>\n<p><span style=\"color: #d63333;\">Rest in the &#8220;Starfish Cottage&#8221;<\/span> while enjoying the <strong>facilities around the house<\/strong> :<\/p>\n<ul>\n<li>In the park : a playground adapted to disabled people (swing,<br \/>\n turnstile roundabout, ping-pong, bocce ball court, chicken coop&#8230;)<\/li>\n<li>&#8220;V\u00e9loc\u00e9an&#8221; and &#8220;V\u00e9lodyss\u00e9e&#8221; roads near the house.<\/li>\n<li>Bike garage and possibility to rent a bike (booked in advance).<\/li>\n<li>Half-board or full-board available in &#8220;La Grande Maison&#8221;.<\/li>\n<li>Beach at 200 m.<\/li>\n<\/ul>\n<p><strong>Additional details :<\/strong><\/p>\n<ul>\n<li><span style=\"color: #99cc00;\">2 bedrooms with 2 beds<\/span> (90&#215;190), 1 pullout bed, 2 extra beds in the living room.<\/li>\n<li>Entirely labellized &#8220;Tourisme et Handicap&#8221; for the four types of handicap.<\/li>\n<li>FREE TV and WiFi. Bedsheets and bath towels as an additional charge.<\/li>\n<\/ul>\n<p><a href=\"http:\/\/www.labrisedemer.com\/wp-content\/uploads\/plan-et-repartition-gite-etoile-de-mer.pdf\">Download here the map and the repartition of the cottage.<\/a><\/p>\n<p>The Starfish Cottage is <span style=\"color: #d63333;\">labellized &#8220;G\u00eetes de France&#8221;<\/span>. Find here <a href=\"http:\/\/www.gites-bretagne-sud.fr\/\">the website of the &#8220;G\u00eetes de France de Loire-Atlantique&#8221;<\/a>!<\/p>\n","protected":false},"excerpt":{"rendered":"<p>This 81m\u00b2 eco-lodge accomodates up to 7 persons. 2 bedrooms 2 Italian shower rooms\/2 WC 1 TV with 2 extra beds. 1 kitchen area adapted to each handicap : kitchen counter mounted on jacks, \u201cHide&#038;Slide\u201d oven with retractable door, refrigerator and large capacity freezer, induction plate, dishwasher, washing machine, microwave, toaster, coffee machine and kettle. [&hellip;]<\/p>\n","protected":false},"author":1,"featured_media":0,"parent":747,"menu_order":0,"comment_status":"closed","ping_status":"closed","template":"page-herbergementseul.php","meta":{"_acf_changed":false,"_exactmetrics_skip_tracking":false,"_exactmetrics_sitenote_active":false,"_exactmetrics_sitenote_note":"","_exactmetrics_sitenote_category":0,"footnotes":""},"class_list":["post-801","page","type-page","status-publish","hentry"],"acf":[],"_links":{"self":[{"href":"https:\/\/www.labrisedemer.com\/en\/wp-json\/wp\/v2\/pages\/801"}],"collection":[{"href":"https:\/\/www.labrisedemer.com\/en\/wp-json\/wp\/v2\/pages"}],"about":[{"href":"https:\/\/www.labrisedemer.com\/en\/wp-json\/wp\/v2\/types\/page"}],"author":[{"embeddable":true,"href":"https:\/\/www.labrisedemer.com\/en\/wp-json\/wp\/v2\/users\/1"}],"replies":[{"embeddable":true,"href":"https:\/\/www.labrisedemer.com\/en\/wp-json\/wp\/v2\/comments?post=801"}],"version-history":[{"count":0,"href":"https:\/\/www.labrisedemer.com\/en\/wp-json\/wp\/v2\/pages\/801\/revisions"}],"up":[{"embeddable":true,"href":"https:\/\/www.labrisedemer.com\/en\/wp-json\/wp\/v2\/pages\/747"}],"wp:attachment":[{"href":"https:\/\/www.labrisedemer.com\/en\/wp-json\/wp\/v2\/media?parent=801"}],"curies":[{"name":"wp","href":"https:\/\/api.w.org\/{rel}","templated":true}]}}