{"id":877,"date":"2017-12-06T13:57:13","date_gmt":"2017-12-06T12:57:13","guid":{"rendered":"http:\/\/www.labrisedemer.com\/groups\/groupes-cyclistes-sejours-velo\/"},"modified":"2017-12-06T13:59:54","modified_gmt":"2017-12-06T12:59:54","slug":"groupes-cyclistes-sejours-velo","status":"publish","type":"page","link":"https:\/\/www.labrisedemer.com\/en\/groups\/groupes-cyclistes-sejours-velo\/","title":{"rendered":"Cycling groups"},"content":{"rendered":"<p>First reception network for groups, <strong><span style=\"color: #99cc00;\">Group&#8217;AV\u00e9lo<\/span><\/strong> gathers accomodation every 30 or 40km along each cycling roads in the &#8220;Pays de la Loire&#8221;, to bring you stopovers and ease your travel along <strong>la Loire \u00e0 V\u00e9lo, la V\u00e9lodyss\u00e9e, la V\u00e9lo Francette<\/strong>&#8230;<\/p>\n<p>These hosts, all stemming from social and fair tourism, commit to provide the same services : same price, bedsheets and towel provided to avoid bringing them with you, access to bedrooms for 3 or 4 persons, energetic breakfasts and dinners, picnic with no garbage.<\/p>\n<p>Moreover, the label &#8220;Accueil V\u00e9lo&#8221; ease the logistics and guarantees a secured bike garage, a repair kit and other useful services at each stopover. <a href=\"https:\/\/www.groupavelo.fr\/english-version\/\" target=\"_blank\">Learn more about <strong>Group&#8217;AVelo<\/strong> here.<\/a><\/p>\n","protected":false},"excerpt":{"rendered":"<p>First reception network for groups, Group&#8217;AV\u00e9lo gathers accomodation every 30 or 40km along each cycling roads in the &#8220;Pays de la Loire&#8221;, to bring you stopovers and ease your travel along la Loire \u00e0 V\u00e9lo, la V\u00e9lodyss\u00e9e, la V\u00e9lo Francette&#8230; These hosts, all stemming from social and fair tourism, commit to provide the same services [&hellip;]<\/p>\n","protected":false},"author":1,"featured_media":0,"parent":734,"menu_order":0,"comment_status":"closed","ping_status":"closed","template":"","meta":{"_acf_changed":false,"_exactmetrics_skip_tracking":false,"_exactmetrics_sitenote_active":false,"_exactmetrics_sitenote_note":"","_exactmetrics_sitenote_category":0,"footnotes":""},"class_list":["post-877","page","type-page","status-publish","hentry"],"acf":[],"_links":{"self":[{"href":"https:\/\/www.labrisedemer.com\/en\/wp-json\/wp\/v2\/pages\/877"}],"collection":[{"href":"https:\/\/www.labrisedemer.com\/en\/wp-json\/wp\/v2\/pages"}],"about":[{"href":"https:\/\/www.labrisedemer.com\/en\/wp-json\/wp\/v2\/types\/page"}],"author":[{"embeddable":true,"href":"https:\/\/www.labrisedemer.com\/en\/wp-json\/wp\/v2\/users\/1"}],"replies":[{"embeddable":true,"href":"https:\/\/www.labrisedemer.com\/en\/wp-json\/wp\/v2\/comments?post=877"}],"version-history":[{"count":0,"href":"https:\/\/www.labrisedemer.com\/en\/wp-json\/wp\/v2\/pages\/877\/revisions"}],"up":[{"embeddable":true,"href":"https:\/\/www.labrisedemer.com\/en\/wp-json\/wp\/v2\/pages\/734"}],"wp:attachment":[{"href":"https:\/\/www.labrisedemer.com\/en\/wp-json\/wp\/v2\/media?parent=877"}],"curies":[{"name":"wp","href":"https:\/\/api.w.org\/{rel}","templated":true}]}}